{"id":3134,"date":"2023-03-13T14:50:41","date_gmt":"2023-03-13T14:50:41","guid":{"rendered":"https:\/\/serviproduarte.pt\/?page_id=3134"},"modified":"2023-08-28T16:54:37","modified_gmt":"2023-08-28T16:54:37","slug":"faqs","status":"publish","type":"page","link":"https:\/\/serviproduarte.pt\/fr\/faqs\/","title":{"rendered":"FAQ&#8217;s"},"content":{"rendered":"<div data-elementor-type=\"wp-page\" data-elementor-id=\"3134\" class=\"elementor elementor-3134\">\n\t\t\t\t<div class=\"elementor-element elementor-element-ecdbfd8 e-flex e-con-boxed e-con e-parent\" data-id=\"ecdbfd8\" data-element_type=\"container\">\n\t\t\t\t\t<div class=\"e-con-inner\">\n\t\t<div class=\"elementor-element elementor-element-b80234c e-flex e-con-boxed e-con e-parent\" data-id=\"b80234c\" data-element_type=\"container\">\n\t\t\t\t\t<div class=\"e-con-inner\">\n\t\t<div class=\"elementor-element elementor-element-82c347d e-con-full e-flex e-con e-parent\" data-id=\"82c347d\" data-element_type=\"container\">\n\t\t\t\t<div class=\"elementor-element elementor-element-62b9a06 elementor-widget elementor-widget-text-editor\" data-id=\"62b9a06\" data-element_type=\"widget\" data-widget_type=\"text-editor.default\">\n\t\t\t\t<div class=\"elementor-widget-container\">\n\t\t\t\t\t\t\t\t\t<p>01.<\/p>\t\t\t\t\t\t\t\t<\/div>\n\t\t\t\t<\/div>\n\t\t\t\t<\/div>\n\t\t<div class=\"elementor-element elementor-element-7a71c30 e-con-full e-flex e-con e-parent\" data-id=\"7a71c30\" data-element_type=\"container\">\n\t\t\t\t<div class=\"elementor-element elementor-element-7a5bb14 ct-advanced-heading elementor-widget elementor-widget-heading\" data-id=\"7a5bb14\" data-element_type=\"widget\" data-widget_type=\"heading.default\">\n\t\t\t\t<div class=\"elementor-widget-container\">\n\t\t\t\t\t<h3 class=\"elementor-heading-title elementor-size-default\">Vous occupez-vous des documents n\u00e9cessaires \u00e0 l'exportation des produits?<\/h3>\t\t\t\t<\/div>\n\t\t\t\t<\/div>\n\t\t\t\t<div class=\"elementor-element elementor-element-69cd688 elementor-widget elementor-widget-text-editor\" data-id=\"69cd688\" data-element_type=\"widget\" data-widget_type=\"text-editor.default\">\n\t\t\t\t<div class=\"elementor-widget-container\">\n\t\t\t\t\t\t\t\t\t<p>En fonction de chaque pays et de ce qui est requis, nous nous occupons de tous les documents n\u00e9cessaires \u00e0 l'exportation. Demande et d\u00e9livrance de certificats, EMD, autorisations d'exportation, etc.<\/p>\t\t\t\t\t\t\t\t<\/div>\n\t\t\t\t<\/div>\n\t\t\t\t<\/div>\n\t\t\t\t\t<\/div>\n\t\t\t\t<\/div>\n\t\t<div class=\"elementor-element elementor-element-61c0842 e-flex e-con-boxed e-con e-parent\" data-id=\"61c0842\" data-element_type=\"container\">\n\t\t\t\t\t<div class=\"e-con-inner\">\n\t\t<div class=\"elementor-element elementor-element-df7c34e e-con-full e-flex e-con e-parent\" data-id=\"df7c34e\" data-element_type=\"container\">\n\t\t\t\t<div class=\"elementor-element elementor-element-5bc091c elementor-widget elementor-widget-text-editor\" data-id=\"5bc091c\" data-element_type=\"widget\" data-widget_type=\"text-editor.default\">\n\t\t\t\t<div class=\"elementor-widget-container\">\n\t\t\t\t\t\t\t\t\t<p>02.<\/p>\t\t\t\t\t\t\t\t<\/div>\n\t\t\t\t<\/div>\n\t\t\t\t<\/div>\n\t\t<div class=\"elementor-element elementor-element-2027d14 e-con-full e-flex e-con e-parent\" data-id=\"2027d14\" data-element_type=\"container\">\n\t\t\t\t<div class=\"elementor-element elementor-element-fbb2510 ct-advanced-heading elementor-widget elementor-widget-heading\" data-id=\"fbb2510\" data-element_type=\"widget\" data-widget_type=\"heading.default\">\n\t\t\t\t<div class=\"elementor-widget-container\">\n\t\t\t\t\t<h3 class=\"elementor-heading-title elementor-size-default\">\u00cates-vous un entrep\u00f4t certifi\u00e9? <\/h3>\t\t\t\t<\/div>\n\t\t\t\t<\/div>\n\t\t\t\t<div class=\"elementor-element elementor-element-89ba92a elementor-widget elementor-widget-text-editor\" data-id=\"89ba92a\" data-element_type=\"widget\" data-widget_type=\"text-editor.default\">\n\t\t\t\t<div class=\"elementor-widget-container\">\n\t\t\t\t\t\t\t\t\t<p><span style=\"font-weight: 400;\">Oui, notre entrep\u00f4t est cautionn\u00e9 et le num\u00e9ro est: AEX00000942115FR.<\/span><\/p>\t\t\t\t\t\t\t\t<\/div>\n\t\t\t\t<\/div>\n\t\t\t\t<\/div>\n\t\t\t\t\t<\/div>\n\t\t\t\t<\/div>\n\t\t<div class=\"elementor-element elementor-element-45c92e4 e-flex e-con-boxed e-con e-parent\" data-id=\"45c92e4\" data-element_type=\"container\">\n\t\t\t\t\t<div class=\"e-con-inner\">\n\t\t<div class=\"elementor-element elementor-element-81f2fe3 e-con-full e-flex e-con e-parent\" data-id=\"81f2fe3\" data-element_type=\"container\">\n\t\t\t\t<div class=\"elementor-element elementor-element-52bfff2 elementor-widget elementor-widget-text-editor\" data-id=\"52bfff2\" data-element_type=\"widget\" data-widget_type=\"text-editor.default\">\n\t\t\t\t<div class=\"elementor-widget-container\">\n\t\t\t\t\t\t\t\t\t<p>03.<\/p>\t\t\t\t\t\t\t\t<\/div>\n\t\t\t\t<\/div>\n\t\t\t\t<\/div>\n\t\t<div class=\"elementor-element elementor-element-e49c726 e-con-full e-flex e-con e-parent\" data-id=\"e49c726\" data-element_type=\"container\">\n\t\t\t\t<div class=\"elementor-element elementor-element-3cab951 ct-advanced-heading elementor-widget elementor-widget-heading\" data-id=\"3cab951\" data-element_type=\"widget\" data-widget_type=\"heading.default\">\n\t\t\t\t<div class=\"elementor-widget-container\">\n\t\t\t\t\t<h3 class=\"elementor-heading-title elementor-size-default\">Pourquoi nos prix sont-ils les plus comp\u00e9titifs?<\/h3>\t\t\t\t<\/div>\n\t\t\t\t<\/div>\n\t\t\t\t<div class=\"elementor-element elementor-element-29fd7be elementor-widget elementor-widget-text-editor\" data-id=\"29fd7be\" data-element_type=\"widget\" data-widget_type=\"text-editor.default\">\n\t\t\t\t<div class=\"elementor-widget-container\">\n\t\t\t\t\t\t\t\t\t<p><span style=\"font-weight: 400;\">Ils sont comp\u00e9titifs gr\u00e2ce aux partenariats solides que nous avons et \u00e0 la recherche constante des meilleurs prix sur le march\u00e9.<\/span><\/p>\t\t\t\t\t\t\t\t<\/div>\n\t\t\t\t<\/div>\n\t\t\t\t<\/div>\n\t\t\t\t\t<\/div>\n\t\t\t\t<\/div>\n\t\t<div class=\"elementor-element elementor-element-5cd4bdf e-flex e-con-boxed e-con e-parent\" data-id=\"5cd4bdf\" data-element_type=\"container\">\n\t\t\t\t\t<div class=\"e-con-inner\">\n\t\t<div class=\"elementor-element elementor-element-c6196e2 e-con-full e-flex e-con e-parent\" data-id=\"c6196e2\" data-element_type=\"container\">\n\t\t\t\t<div class=\"elementor-element elementor-element-9fe8be0 elementor-widget elementor-widget-text-editor\" data-id=\"9fe8be0\" data-element_type=\"widget\" data-widget_type=\"text-editor.default\">\n\t\t\t\t<div class=\"elementor-widget-container\">\n\t\t\t\t\t\t\t\t\t<p>04.<\/p>\t\t\t\t\t\t\t\t<\/div>\n\t\t\t\t<\/div>\n\t\t\t\t<\/div>\n\t\t<div class=\"elementor-element elementor-element-d6eb631 e-con-full e-flex e-con e-parent\" data-id=\"d6eb631\" data-element_type=\"container\">\n\t\t\t\t<div class=\"elementor-element elementor-element-193182a ct-advanced-heading elementor-widget elementor-widget-heading\" data-id=\"193182a\" data-element_type=\"widget\" data-widget_type=\"heading.default\">\n\t\t\t\t<div class=\"elementor-widget-container\">\n\t\t\t\t\t<h3 class=\"elementor-heading-title elementor-size-default\">Quel est la politique de prix de l'entreprise?<\/h3>\t\t\t\t<\/div>\n\t\t\t\t<\/div>\n\t\t\t\t<div class=\"elementor-element elementor-element-130bc7b elementor-widget elementor-widget-text-editor\" data-id=\"130bc7b\" data-element_type=\"widget\" data-widget_type=\"text-editor.default\">\n\t\t\t\t<div class=\"elementor-widget-container\">\n\t\t\t\t\t\t\t\t\t<p><span style=\"font-weight: 400;\">Notre politique de prix pr\u00e9sente un bon rapport prix\/rapidit\u00e9 en termes de temps de r\u00e9ponse et de d\u00e9lai de livraison. Les prix sont justes par rapport au march\u00e9, gr\u00e2ce aux partenariats que nous avons. Nous recherchons toujours le meilleur prix pour pouvoir offrir le meilleur prix \u00e0 nos clients. Nous avons \u00e0 c\u0153ur de toujours avoir des produits dont la date de p\u00e9remption est la plus r\u00e9cente possible et nous travaillons donc avec des stocks r\u00e9duits, en n\u00e9gociant et en essayant d'avoir des prix stables, m\u00eame \u00e0 l'\u00e9poque o\u00f9 nous vivons, o\u00f9 les prix subissent des changements constants.<\/span><\/p>\t\t\t\t\t\t\t\t<\/div>\n\t\t\t\t<\/div>\n\t\t\t\t<\/div>\n\t\t\t\t\t<\/div>\n\t\t\t\t<\/div>\n\t\t<div class=\"elementor-element elementor-element-5bf000f e-flex e-con-boxed e-con e-parent\" data-id=\"5bf000f\" data-element_type=\"container\">\n\t\t\t\t\t<div class=\"e-con-inner\">\n\t\t<div class=\"elementor-element elementor-element-2cce831 e-con-full e-flex e-con e-parent\" data-id=\"2cce831\" data-element_type=\"container\">\n\t\t\t\t<div class=\"elementor-element elementor-element-910753c elementor-widget elementor-widget-text-editor\" data-id=\"910753c\" data-element_type=\"widget\" data-widget_type=\"text-editor.default\">\n\t\t\t\t<div class=\"elementor-widget-container\">\n\t\t\t\t\t\t\t\t\t<p>05.<\/p>\t\t\t\t\t\t\t\t<\/div>\n\t\t\t\t<\/div>\n\t\t\t\t<\/div>\n\t\t<div class=\"elementor-element elementor-element-2fdde52 e-con-full e-flex e-con e-parent\" data-id=\"2fdde52\" data-element_type=\"container\">\n\t\t\t\t<div class=\"elementor-element elementor-element-b65af61 ct-advanced-heading elementor-widget elementor-widget-heading\" data-id=\"b65af61\" data-element_type=\"widget\" data-widget_type=\"heading.default\">\n\t\t\t\t<div class=\"elementor-widget-container\">\n\t\t\t\t\t<h3 class=\"elementor-heading-title elementor-size-default\">Vers qui exportons-nous?<\/h3>\t\t\t\t<\/div>\n\t\t\t\t<\/div>\n\t\t\t\t<div class=\"elementor-element elementor-element-276d837 elementor-widget elementor-widget-text-editor\" data-id=\"276d837\" data-element_type=\"widget\" data-widget_type=\"text-editor.default\">\n\t\t\t\t<div class=\"elementor-widget-container\">\n\t\t\t\t\t\t\t\t\t<p><span style=\"font-weight: 400;\">Nous avons diff\u00e9rents types de clients, des entrep\u00f4ts, des n\u00e9gociants, des supermarch\u00e9s, des magasins et des \u00e9piceries, des restaurants et des centrales d'achat dans les diff\u00e9rents march\u00e9s o\u00f9 ils sont leaders.<\/span><\/p>\t\t\t\t\t\t\t\t<\/div>\n\t\t\t\t<\/div>\n\t\t\t\t<\/div>\n\t\t\t\t\t<\/div>\n\t\t\t\t<\/div>\n\t\t<div class=\"elementor-element elementor-element-8f66c97 e-flex e-con-boxed e-con e-parent\" data-id=\"8f66c97\" data-element_type=\"container\">\n\t\t\t\t\t<div class=\"e-con-inner\">\n\t\t<div class=\"elementor-element elementor-element-76b39fd e-con-full e-flex e-con e-parent\" data-id=\"76b39fd\" data-element_type=\"container\">\n\t\t\t\t<div class=\"elementor-element elementor-element-ff3d040 elementor-widget elementor-widget-text-editor\" data-id=\"ff3d040\" data-element_type=\"widget\" data-widget_type=\"text-editor.default\">\n\t\t\t\t<div class=\"elementor-widget-container\">\n\t\t\t\t\t\t\t\t\t<p>06.<\/p>\t\t\t\t\t\t\t\t<\/div>\n\t\t\t\t<\/div>\n\t\t\t\t<\/div>\n\t\t<div class=\"elementor-element elementor-element-b567707 e-con-full e-flex e-con e-parent\" data-id=\"b567707\" data-element_type=\"container\">\n\t\t\t\t<div class=\"elementor-element elementor-element-fdb3a36 ct-advanced-heading elementor-widget elementor-widget-heading\" data-id=\"fdb3a36\" data-element_type=\"widget\" data-widget_type=\"heading.default\">\n\t\t\t\t<div class=\"elementor-widget-container\">\n\t\t\t\t\t<h3 class=\"elementor-heading-title elementor-size-default\">Comment puis-je recevoir des prix?<\/h3>\t\t\t\t<\/div>\n\t\t\t\t<\/div>\n\t\t\t\t<div class=\"elementor-element elementor-element-18274ea elementor-widget elementor-widget-text-editor\" data-id=\"18274ea\" data-element_type=\"widget\" data-widget_type=\"text-editor.default\">\n\t\t\t\t<div class=\"elementor-widget-container\">\n\t\t\t\t\t\t\t\t\t<p><span style=\"font-weight: 400;\">En envoyant un e-mail \u00e0 <\/span><a href=\"mailto:geral@serviproduarte.pt\"><span style=\"font-weight: 400;\">geral@serviproduarte.pt<\/span><\/a><span style=\"font-weight: 400;\"> avec une pr\u00e9sentation de l'entreprise et si possible les donn\u00e9es pour ouvrir un dossier client, et en informant des produits avec lesquels vous avez l'intention de travailler, soit par gamme, soit par marque, ou en envoyant une liste de produits et de quantit\u00e9s que vous avez l'intention d'acheter, afin qu'il nous soit possible de vous envoyer une r\u00e9ponse ad\u00e9quate et des prix mis \u00e0 jour. <\/span><\/p>\t\t\t\t\t\t\t\t<\/div>\n\t\t\t\t<\/div>\n\t\t\t\t<\/div>\n\t\t\t\t\t<\/div>\n\t\t\t\t<\/div>\n\t\t<div class=\"elementor-element elementor-element-3c267e8 e-flex e-con-boxed e-con e-parent\" data-id=\"3c267e8\" data-element_type=\"container\">\n\t\t\t\t\t<div class=\"e-con-inner\">\n\t\t<div class=\"elementor-element elementor-element-2b0f9c9 e-con-full e-flex e-con e-parent\" data-id=\"2b0f9c9\" data-element_type=\"container\">\n\t\t\t\t<div class=\"elementor-element elementor-element-53566c8 elementor-widget elementor-widget-text-editor\" data-id=\"53566c8\" data-element_type=\"widget\" data-widget_type=\"text-editor.default\">\n\t\t\t\t<div class=\"elementor-widget-container\">\n\t\t\t\t\t\t\t\t\t<p>07.<\/p>\t\t\t\t\t\t\t\t<\/div>\n\t\t\t\t<\/div>\n\t\t\t\t<\/div>\n\t\t<div class=\"elementor-element elementor-element-b1382d9 e-con-full e-flex e-con e-parent\" data-id=\"b1382d9\" data-element_type=\"container\">\n\t\t\t\t<div class=\"elementor-element elementor-element-4e44915 ct-advanced-heading elementor-widget elementor-widget-heading\" data-id=\"4e44915\" data-element_type=\"widget\" data-widget_type=\"heading.default\">\n\t\t\t\t<div class=\"elementor-widget-container\">\n\t\t\t\t\t<h3 class=\"elementor-heading-title elementor-size-default\">Quel est le d\u00e9lai de r\u00e9ponse \u00e0 un devis et quel est le d\u00e9lai de livraison apr\u00e8s confirmation de la commande?<\/h3>\t\t\t\t<\/div>\n\t\t\t\t<\/div>\n\t\t\t\t<div class=\"elementor-element elementor-element-c5e2c87 elementor-widget elementor-widget-text-editor\" data-id=\"c5e2c87\" data-element_type=\"widget\" data-widget_type=\"text-editor.default\">\n\t\t\t\t<div class=\"elementor-widget-container\">\n\t\t\t\t\t\t\t\t\t<p><span style=\"font-weight: 400;\">En ce qui concerne le d\u00e9lai de r\u00e9ponse \u00e0 un devis, nous essayons toujours de confirmer imm\u00e9diatement la r\u00e9ception de la demande afin d'envoyer la r\u00e9ponse \u00e0 la demande dans les trois jours ouvrables. Apr\u00e8s l'envoi du devis, son acceptation et la formalisation de la commande, nous avons besoin de 3 \u00e0 7 jours ouvrables pour que toutes les marchandises soient assembl\u00e9es, \u00e9tiquet\u00e9es le cas \u00e9ch\u00e9ant, et que la documentation soit pr\u00eate \u00e0 \u00eatre charg\u00e9e!<\/span><\/p>\t\t\t\t\t\t\t\t<\/div>\n\t\t\t\t<\/div>\n\t\t\t\t<\/div>\n\t\t\t\t\t<\/div>\n\t\t\t\t<\/div>\n\t\t<div class=\"elementor-element elementor-element-90e9eff e-flex e-con-boxed e-con e-parent\" data-id=\"90e9eff\" data-element_type=\"container\">\n\t\t\t\t\t<div class=\"e-con-inner\">\n\t\t<div class=\"elementor-element elementor-element-c2fa83f e-con-full e-flex e-con e-parent\" data-id=\"c2fa83f\" data-element_type=\"container\">\n\t\t\t\t<div class=\"elementor-element elementor-element-9333b98 elementor-widget elementor-widget-text-editor\" data-id=\"9333b98\" data-element_type=\"widget\" data-widget_type=\"text-editor.default\">\n\t\t\t\t<div class=\"elementor-widget-container\">\n\t\t\t\t\t\t\t\t\t<p>08.<\/p>\t\t\t\t\t\t\t\t<\/div>\n\t\t\t\t<\/div>\n\t\t\t\t<\/div>\n\t\t<div class=\"elementor-element elementor-element-00c058a e-con-full e-flex e-con e-parent\" data-id=\"00c058a\" data-element_type=\"container\">\n\t\t\t\t<div class=\"elementor-element elementor-element-167da30 ct-advanced-heading elementor-widget elementor-widget-heading\" data-id=\"167da30\" data-element_type=\"widget\" data-widget_type=\"heading.default\">\n\t\t\t\t<div class=\"elementor-widget-container\">\n\t\t\t\t\t<h3 class=\"elementor-heading-title elementor-size-default\">Comment fonctionne l'\u00e9tiquetage?<\/h3>\t\t\t\t<\/div>\n\t\t\t\t<\/div>\n\t\t\t\t<div class=\"elementor-element elementor-element-f47ff9c elementor-widget elementor-widget-text-editor\" data-id=\"f47ff9c\" data-element_type=\"widget\" data-widget_type=\"text-editor.default\">\n\t\t\t\t<div class=\"elementor-widget-container\">\n\t\t\t\t\t\t\t\t\t<p><span style=\"font-weight: 400;\">Tous les produits qui n'ont pas d'\u00e9tiquette dans la langue du pays auquel la marchandise est destin\u00e9e, et \u00e0 la demande du client, nous faisons la traduction et pla\u00e7ons l'\u00e9tiquette avec les ingr\u00e9dients, ou d'autres informations suppl\u00e9mentaires selon le pays et sa l\u00e9gislation. Apr\u00e8s confirmation, nous proc\u00e9dons \u00e0 l'impression (\u00e9tiquettes thermiques) et au placement de celles-ci - par unit\u00e9, par bo\u00eete ou selon les souhaits du client. Le co\u00fbt de l'\u00e9tiquette et de la MO peut \u00eatre factur\u00e9 \u00e0 la fin comme un service, ou nous pouvons donner des prix d\u00e9j\u00e0 avec l'\u00e9tiquetage, toujours en fonction des besoins et des souhaits de nos clients.<\/span><\/p>\t\t\t\t\t\t\t\t<\/div>\n\t\t\t\t<\/div>\n\t\t\t\t<\/div>\n\t\t\t\t\t<\/div>\n\t\t\t\t<\/div>\n\t\t\t\t\t<\/div>\n\t\t\t\t<\/div>\n\t\t\t\t<\/div>","protected":false},"excerpt":{"rendered":"<p>01. Tratam dos documentos que s\u00e3o necess\u00e1rios para o processo de exporta\u00e7\u00e3o de produtos? Dependendo de cada pa\u00eds, e do que \u00e9 preciso, tratamos de toda a documenta\u00e7\u00e3o necess\u00e1ria para a exporta\u00e7\u00e3o. Pedidos e emiss\u00e3o de Certificados, DME\u2019s, Despachos de Exporta\u00e7\u00e3o, e outros. 02. S\u00e3o um armaz\u00e9m certificado? Sim. O nosso armaz\u00e9m \u00e9 alfandegado e [&hellip;]<\/p>","protected":false},"author":1,"featured_media":0,"parent":0,"menu_order":0,"comment_status":"closed","ping_status":"closed","template":"","meta":{"_monsterinsights_skip_tracking":false,"_monsterinsights_sitenote_active":false,"_monsterinsights_sitenote_note":"","_monsterinsights_sitenote_category":0,"footnotes":""},"class_list":["post-3134","page","type-page","status-publish","hentry"],"blocksy_meta":{"styles_descriptor":{"styles":{"desktop":"","tablet":"","mobile":""},"google_fonts":[],"version":6}},"aioseo_notices":[],"_links":{"self":[{"href":"https:\/\/serviproduarte.pt\/fr\/wp-json\/wp\/v2\/pages\/3134","targetHints":{"allow":["GET"]}}],"collection":[{"href":"https:\/\/serviproduarte.pt\/fr\/wp-json\/wp\/v2\/pages"}],"about":[{"href":"https:\/\/serviproduarte.pt\/fr\/wp-json\/wp\/v2\/types\/page"}],"author":[{"embeddable":true,"href":"https:\/\/serviproduarte.pt\/fr\/wp-json\/wp\/v2\/users\/1"}],"replies":[{"embeddable":true,"href":"https:\/\/serviproduarte.pt\/fr\/wp-json\/wp\/v2\/comments?post=3134"}],"version-history":[{"count":0,"href":"https:\/\/serviproduarte.pt\/fr\/wp-json\/wp\/v2\/pages\/3134\/revisions"}],"wp:attachment":[{"href":"https:\/\/serviproduarte.pt\/fr\/wp-json\/wp\/v2\/media?parent=3134"}],"curies":[{"name":"wp","href":"https:\/\/api.w.org\/{rel}","templated":true}]}}